{"id":3,"date":"2025-11-26T11:59:28","date_gmt":"2025-11-26T11:59:28","guid":{"rendered":"http:\/\/canpratrestaurant.com\/?page_id=3"},"modified":"2026-04-22T07:52:10","modified_gmt":"2026-04-22T07:52:10","slug":"privacy-policy","status":"publish","type":"page","link":"https:\/\/canpratrestaurant.com\/index.php\/privacy-policy\/","title":{"rendered":"Politica de privacitat"},"content":{"rendered":"\t\t<div data-elementor-type=\"wp-page\" data-elementor-id=\"3\" class=\"elementor elementor-3\" data-elementor-post-type=\"page\">\n\t\t\t\t\t\t<section class=\"elementor-section elementor-top-section elementor-element elementor-element-2bbb63af elementor-section-boxed elementor-section-height-default elementor-section-height-default\" data-id=\"2bbb63af\" data-element_type=\"section\" data-e-type=\"section\">\n\t\t\t\t\t\t<div class=\"elementor-container elementor-column-gap-default\">\n\t\t\t\t\t<div class=\"elementor-column elementor-col-100 elementor-top-column elementor-element elementor-element-3ae94aa2\" data-id=\"3ae94aa2\" data-element_type=\"column\" data-e-type=\"column\">\n\t\t\t<div class=\"elementor-widget-wrap elementor-element-populated\">\n\t\t\t\t\t\t<div class=\"elementor-element elementor-element-535498ac elementor-widget elementor-widget-text-editor\" data-id=\"535498ac\" data-element_type=\"widget\" data-e-type=\"widget\" data-widget_type=\"text-editor.default\">\n\t\t\t\t<div class=\"elementor-widget-container\">\n\t\t\t\t\t\t\t\t\t\n<p class=\"p1\"><span class=\"s1\">En cumplimiento con el <a href=\"chatgpt:\/\/generic-entity?number=1\"><span class=\"s2\">Reglamento General de Protecci\u00f3n de Datos<\/span><\/a> y la <a href=\"chatgpt:\/\/generic-entity?number=2\"><span class=\"s2\">Ley Org\u00e1nica 3\/2018 de Protecci\u00f3n de Datos y Garant\u00eda de Derechos Digitales<\/span><\/a> (LOPDGDD), se informa:<\/span><\/p>\n<h3 class=\"p1 wp-block-heading\"><b>Responsable del tratamiento<\/b><b><\/b><\/h3>\n<ul>\n<li>\n<p class=\"p1\"><span class=\"s1\"><b>Empresa:<\/b><\/span> MOLLET PRAT 2015 SL<\/p>\n<\/li>\n<li>\n<p class=\"p1\"><span class=\"s1\"><b>NIF:<\/b><\/span> ESB66628314<\/p>\n<\/li>\n<li>\n<p class=\"p1\"><span class=\"s1\"><b>Direcci\u00f3n:<\/b><\/span> Ctra Nal II km 652 n\u00fam. 48, 08392 Sant Andreu de Llavaneres, Barcelona, Espa\u00f1a<\/p>\n<\/li>\n<\/ul>\n<h3 class=\"p1\"><b>Finalidad del tratamiento de datos<\/b><b><\/b><\/h3>\n<p class=\"p1\">Este sitio web <span class=\"s1\"><b>no recoge datos personales directamente<\/b><\/span>, ya que no dispone de formularios de contacto ni registro de usuarios.<\/p>\n<p class=\"p1\">El \u00fanico canal de contacto es telef\u00f3nico, por lo que los datos personales que el usuario pueda facilitar se gestionar\u00e1n fuera del entorno web.<\/p>\n<h3 class=\"p1\"><b>Finalidad<\/b><b><\/b><\/h3>\n<p class=\"p2\">En caso de contacto telef\u00f3nico, los datos podr\u00e1n utilizarse \u00fanicamente para la gesti\u00f3n de reservas o atenci\u00f3n al cliente.<\/p>\n<h3 class=\"p1\"><b>Legitimaci\u00f3n<\/b><b><\/b><\/h3>\n<p class=\"p1\">La base legal es el consentimiento del usuario al contactar voluntariamente.<\/p>\n<h3 class=\"p1\"><b>Conservaci\u00f3n de datos<\/b><b><\/b><\/h3>\n<p class=\"p1\">Los datos se conservar\u00e1n \u00fanicamente el tiempo necesario para gestionar la reserva o cumplir obligaciones legales.<\/p>\n<h3 class=\"p1\"><b>Destinatarios<\/b><b><\/b><\/h3>\n<p class=\"p4\">No se ceder\u00e1n datos a terceros, salvo obligaci\u00f3n legal o en caso necesario para prestar el servicio (por ejemplo, plataformas de reservas si se usan).<\/p>\n<h3 class=\"p1\"><b>Derechos del usuario<\/b><b><\/b><\/h3>\n<p class=\"p2\">Puede ejercer sus derechos de acceso, rectificaci\u00f3n, supresi\u00f3n, etc., solicit\u00e1ndolo a trav\u00e9s de un medio de contacto v\u00e1lido (a\u00f1adir email si se dispone).<\/p>\t\t\t\t\t\t\t\t<\/div>\n\t\t\t\t<\/div>\n\t\t\t\t\t<\/div>\n\t\t<\/div>\n\t\t\t\t\t<\/div>\n\t\t<\/section>\n\t\t\t\t<\/div>\n\t\t","protected":false},"excerpt":{"rendered":"<p>En cumplimiento con el Reglamento General de Protecci\u00f3n de Datos y la Ley Org\u00e1nica 3\/2018 de Protecci\u00f3n de Datos y Garant\u00eda de Derechos Digitales (LOPDGDD), se informa: Responsable del tratamiento Empresa: MOLLET PRAT 2015 SL NIF: ESB66628314 Direcci\u00f3n: Ctra Nal II km 652 n\u00fam. 48, 08392 Sant Andreu de Llavaneres, Barcelona, Espa\u00f1a Finalidad del tratamiento [&hellip;]<\/p>\n","protected":false},"author":1,"featured_media":0,"parent":0,"menu_order":0,"comment_status":"closed","ping_status":"closed","template":"","meta":{"footnotes":""},"class_list":["post-3","page","type-page","status-publish","hentry"],"_links":{"self":[{"href":"https:\/\/canpratrestaurant.com\/index.php\/wp-json\/wp\/v2\/pages\/3","targetHints":{"allow":["GET"]}}],"collection":[{"href":"https:\/\/canpratrestaurant.com\/index.php\/wp-json\/wp\/v2\/pages"}],"about":[{"href":"https:\/\/canpratrestaurant.com\/index.php\/wp-json\/wp\/v2\/types\/page"}],"author":[{"embeddable":true,"href":"https:\/\/canpratrestaurant.com\/index.php\/wp-json\/wp\/v2\/users\/1"}],"replies":[{"embeddable":true,"href":"https:\/\/canpratrestaurant.com\/index.php\/wp-json\/wp\/v2\/comments?post=3"}],"version-history":[{"count":8,"href":"https:\/\/canpratrestaurant.com\/index.php\/wp-json\/wp\/v2\/pages\/3\/revisions"}],"predecessor-version":[{"id":910,"href":"https:\/\/canpratrestaurant.com\/index.php\/wp-json\/wp\/v2\/pages\/3\/revisions\/910"}],"wp:attachment":[{"href":"https:\/\/canpratrestaurant.com\/index.php\/wp-json\/wp\/v2\/media?parent=3"}],"curies":[{"name":"wp","href":"https:\/\/api.w.org\/{rel}","templated":true}]}}