{"id":896,"date":"2026-04-22T07:46:36","date_gmt":"2026-04-22T07:46:36","guid":{"rendered":"https:\/\/canpratrestaurant.com\/?page_id=896"},"modified":"2026-04-22T07:50:22","modified_gmt":"2026-04-22T07:50:22","slug":"avis-legal","status":"publish","type":"page","link":"https:\/\/canpratrestaurant.com\/index.php\/avis-legal\/","title":{"rendered":"Av\u00eds Legal"},"content":{"rendered":"\t\t<div data-elementor-type=\"wp-page\" data-elementor-id=\"896\" class=\"elementor elementor-896\" data-elementor-post-type=\"page\">\n\t\t\t\t\t\t<section class=\"elementor-section elementor-top-section elementor-element elementor-element-03a71db elementor-section-boxed elementor-section-height-default elementor-section-height-default\" data-id=\"03a71db\" data-element_type=\"section\" data-e-type=\"section\">\n\t\t\t\t\t\t<div class=\"elementor-container elementor-column-gap-default\">\n\t\t\t\t\t<div class=\"elementor-column elementor-col-100 elementor-top-column elementor-element elementor-element-d4ae374\" data-id=\"d4ae374\" data-element_type=\"column\" data-e-type=\"column\">\n\t\t\t<div class=\"elementor-widget-wrap elementor-element-populated\">\n\t\t\t\t\t\t<div class=\"elementor-element elementor-element-25217d5 elementor-widget elementor-widget-text-editor\" data-id=\"25217d5\" data-element_type=\"widget\" data-e-type=\"widget\" data-widget_type=\"text-editor.default\">\n\t\t\t\t<div class=\"elementor-widget-container\">\n\t\t\t\t\t\t\t\t\t<h3 class=\"p1\"><b>Titular del sitio web<\/b><b><\/b><\/h3><p class=\"p2\">En cumplimiento con el deber de informaci\u00f3n recogido en la Ley 34\/2002 (LSSI-CE), se informa que:<\/p><ul><li><p class=\"p1\"><span class=\"s1\"><b>Denominaci\u00f3n social:<\/b><\/span> MOLLET PRAT 2015 SL<\/p><\/li><li><p class=\"p1\"><span class=\"s1\"><b>NIF:<\/b><\/span> ESB66628314<\/p><\/li><li><p class=\"p1\"><span class=\"s1\"><b>Domicilio social:<\/b><\/span> Ctra Nal II km 652 n\u00fam. 48, 08392 Sant Andreu de Llavaneres, Barcelona, Espa\u00f1a<\/p><\/li><li><p class=\"p1\"><b>Correo electr\u00f3nico de contacto:<\/b><span class=\"s1\"> (a\u00f1adir email de contacto)<\/span><\/p><\/li><\/ul><h3 class=\"p1\"><b>Objeto<\/b><b><\/b><\/h3><p class=\"p1\">El presente sitio web tiene como finalidad ofrecer informaci\u00f3n sobre el restaurante Can Prat y facilitar el contacto mediante tel\u00e9fono.<\/p><h3 class=\"p1\"><b>Condiciones de uso<\/b><b><\/b><\/h3><p class=\"p1\">El acceso y uso de la web atribuye la condici\u00f3n de usuario, implicando la aceptaci\u00f3n de las presentes condiciones. El usuario se compromete a hacer un uso adecuado del sitio web.<\/p><h3 class=\"p1\"><b>Propiedad intelectual<\/b><b><\/b><\/h3><p class=\"p1\">Todos los contenidos (textos, im\u00e1genes, dise\u00f1o, etc.) son propiedad del titular o dispone de los derechos necesarios para su uso. Queda prohibida su reproducci\u00f3n sin autorizaci\u00f3n.<\/p><h3 class=\"p1\"><b>Responsabilidad<\/b><b><\/b><\/h3><p class=\"p1\">El titular no se responsabiliza de los da\u00f1os derivados del uso de la web ni de posibles errores en los contenidos.<\/p>\t\t\t\t\t\t\t\t<\/div>\n\t\t\t\t<\/div>\n\t\t\t\t\t<\/div>\n\t\t<\/div>\n\t\t\t\t\t<\/div>\n\t\t<\/section>\n\t\t\t\t<\/div>\n\t\t","protected":false},"excerpt":{"rendered":"<p>Titular del sitio web En cumplimiento con el deber de informaci\u00f3n recogido en la Ley 34\/2002 (LSSI-CE), se informa que: Denominaci\u00f3n social: MOLLET PRAT 2015 SL NIF: ESB66628314 Domicilio social: Ctra Nal II km 652 n\u00fam. 48, 08392 Sant Andreu de Llavaneres, Barcelona, Espa\u00f1a Correo electr\u00f3nico de contacto: (a\u00f1adir email de contacto) Objeto El presente [&hellip;]<\/p>\n","protected":false},"author":1,"featured_media":0,"parent":0,"menu_order":0,"comment_status":"closed","ping_status":"closed","template":"","meta":{"footnotes":""},"class_list":["post-896","page","type-page","status-publish","hentry"],"_links":{"self":[{"href":"https:\/\/canpratrestaurant.com\/index.php\/wp-json\/wp\/v2\/pages\/896","targetHints":{"allow":["GET"]}}],"collection":[{"href":"https:\/\/canpratrestaurant.com\/index.php\/wp-json\/wp\/v2\/pages"}],"about":[{"href":"https:\/\/canpratrestaurant.com\/index.php\/wp-json\/wp\/v2\/types\/page"}],"author":[{"embeddable":true,"href":"https:\/\/canpratrestaurant.com\/index.php\/wp-json\/wp\/v2\/users\/1"}],"replies":[{"embeddable":true,"href":"https:\/\/canpratrestaurant.com\/index.php\/wp-json\/wp\/v2\/comments?post=896"}],"version-history":[{"count":10,"href":"https:\/\/canpratrestaurant.com\/index.php\/wp-json\/wp\/v2\/pages\/896\/revisions"}],"predecessor-version":[{"id":907,"href":"https:\/\/canpratrestaurant.com\/index.php\/wp-json\/wp\/v2\/pages\/896\/revisions\/907"}],"wp:attachment":[{"href":"https:\/\/canpratrestaurant.com\/index.php\/wp-json\/wp\/v2\/media?parent=896"}],"curies":[{"name":"wp","href":"https:\/\/api.w.org\/{rel}","templated":true}]}}