{"id":911,"date":"2026-04-22T07:53:58","date_gmt":"2026-04-22T07:53:58","guid":{"rendered":"https:\/\/canpratrestaurant.com\/?page_id=911"},"modified":"2026-04-22T07:56:54","modified_gmt":"2026-04-22T07:56:54","slug":"politica-de-cookies","status":"publish","type":"page","link":"https:\/\/canpratrestaurant.com\/index.php\/politica-de-cookies\/","title":{"rendered":"Politica de cookies"},"content":{"rendered":"\t\t<div data-elementor-type=\"wp-page\" data-elementor-id=\"911\" class=\"elementor elementor-911\" data-elementor-post-type=\"page\">\n\t\t\t\t\t\t<section class=\"elementor-section elementor-top-section elementor-element elementor-element-5a190c7 elementor-section-boxed elementor-section-height-default elementor-section-height-default\" data-id=\"5a190c7\" data-element_type=\"section\" data-e-type=\"section\">\n\t\t\t\t\t\t<div class=\"elementor-container elementor-column-gap-default\">\n\t\t\t\t\t<div class=\"elementor-column elementor-col-100 elementor-top-column elementor-element elementor-element-e95b45c\" data-id=\"e95b45c\" data-element_type=\"column\" data-e-type=\"column\">\n\t\t\t<div class=\"elementor-widget-wrap elementor-element-populated\">\n\t\t\t\t\t\t<div class=\"elementor-element elementor-element-7eac0ec elementor-widget elementor-widget-text-editor\" data-id=\"7eac0ec\" data-element_type=\"widget\" data-e-type=\"widget\" data-widget_type=\"text-editor.default\">\n\t\t\t\t<div class=\"elementor-widget-container\">\n\t\t\t\t\t\t\t\t\t<h3 class=\"p1\"><b>\u00bfQu\u00e9 son las cookies?<\/b><b><\/b><\/h3><p class=\"p2\">Las cookies son peque\u00f1os archivos que se almacenan en el dispositivo del usuario al acceder a una p\u00e1gina web y que permiten el correcto funcionamiento del sitio.<\/p><h3 class=\"p1\"><b>Tipos de cookies utilizadas en este sitio web<\/b><b><\/b><\/h3><p class=\"p2\">Este sitio web utiliza las siguientes cookies:<\/p><h3><b>1. Cookies t\u00e9cnicas (necesarias)<\/b><\/h3><p class=\"p2\">Son aquellas imprescindibles para el funcionamiento de la web y no requieren consentimiento del usuario.<\/p><p class=\"p2\">Incluyen:<\/p><ul><li><p class=\"p1\">Cookies propias de <a href=\"chatgpt:\/\/generic-entity?number=0\"><span class=\"s1\">WordPress<\/span><\/a><\/p><\/li><li><p class=\"p1\">Cookies del maquetador <a href=\"chatgpt:\/\/generic-entity?number=1\"><span class=\"s1\">Elementor<\/span><\/a><\/p><\/li><li><p class=\"p1\">Cookies de seguridad del plugin <a href=\"chatgpt:\/\/generic-entity?number=2\"><span class=\"s1\">Wordfence Security<\/span><\/a><\/p><\/li><\/ul><p class=\"p2\">Estas cookies permiten:<\/p><ul><li><p class=\"p1\">Navegar por la web<\/p><\/li><li><p class=\"p1\">Garantizar la seguridad<\/p><\/li><li><p class=\"p1\">Gestionar el correcto funcionamiento del sitio<\/p><\/li><\/ul><hr \/><h3><b>2. Cookies de terceros (potenciales)<\/b><\/h3><p class=\"p2\">Este sitio web podr\u00eda utilizar servicios de terceros que instalen cookies, como por ejemplo:<\/p><ul><li><p class=\"p1\"><span class=\"s1\"><a href=\"chatgpt:\/\/generic-entity?number=3\">Google Maps<\/a><\/span><\/p><\/li><li><p class=\"p1\"><span class=\"s1\"><a href=\"chatgpt:\/\/generic-entity?number=4\">YouTube<\/a><\/span><\/p><\/li><\/ul><p class=\"p2\">Estas cookies solo se activar\u00e1n si el usuario las acepta expresamente.<\/p><hr \/><h3 class=\"p1\"><b>Gesti\u00f3n de cookies<\/b><b><\/b><\/h3><p class=\"p2\">El usuario puede aceptar, rechazar o configurar el uso de cookies a trav\u00e9s del banner de configuraci\u00f3n disponible en el sitio web.<\/p><p class=\"p2\">Adem\u00e1s, puede eliminar o bloquear cookies desde su navegador.<\/p><hr \/><h3 class=\"p1\"><b>Consentimiento<\/b><b><\/b><\/h3><p class=\"p2\">Al acceder a este sitio web, el usuario puede aceptar o rechazar el uso de cookies no necesarias.<\/p><p class=\"p2\">Las cookies t\u00e9cnicas se instalar\u00e1n autom\u00e1ticamente al ser imprescindibles para el funcionamiento de la web.<\/p>\t\t\t\t\t\t\t\t<\/div>\n\t\t\t\t<\/div>\n\t\t\t\t\t<\/div>\n\t\t<\/div>\n\t\t\t\t\t<\/div>\n\t\t<\/section>\n\t\t\t\t<\/div>\n\t\t","protected":false},"excerpt":{"rendered":"<p>\u00bfQu\u00e9 son las cookies? Las cookies son peque\u00f1os archivos que se almacenan en el dispositivo del usuario al acceder a una p\u00e1gina web y que permiten el correcto funcionamiento del sitio. Tipos de cookies utilizadas en este sitio web Este sitio web utiliza las siguientes cookies: 1. Cookies t\u00e9cnicas (necesarias) Son aquellas imprescindibles para el [&hellip;]<\/p>\n","protected":false},"author":1,"featured_media":0,"parent":0,"menu_order":0,"comment_status":"closed","ping_status":"closed","template":"","meta":{"footnotes":""},"class_list":["post-911","page","type-page","status-publish","hentry"],"_links":{"self":[{"href":"https:\/\/canpratrestaurant.com\/index.php\/wp-json\/wp\/v2\/pages\/911","targetHints":{"allow":["GET"]}}],"collection":[{"href":"https:\/\/canpratrestaurant.com\/index.php\/wp-json\/wp\/v2\/pages"}],"about":[{"href":"https:\/\/canpratrestaurant.com\/index.php\/wp-json\/wp\/v2\/types\/page"}],"author":[{"embeddable":true,"href":"https:\/\/canpratrestaurant.com\/index.php\/wp-json\/wp\/v2\/users\/1"}],"replies":[{"embeddable":true,"href":"https:\/\/canpratrestaurant.com\/index.php\/wp-json\/wp\/v2\/comments?post=911"}],"version-history":[{"count":4,"href":"https:\/\/canpratrestaurant.com\/index.php\/wp-json\/wp\/v2\/pages\/911\/revisions"}],"predecessor-version":[{"id":915,"href":"https:\/\/canpratrestaurant.com\/index.php\/wp-json\/wp\/v2\/pages\/911\/revisions\/915"}],"wp:attachment":[{"href":"https:\/\/canpratrestaurant.com\/index.php\/wp-json\/wp\/v2\/media?parent=911"}],"curies":[{"name":"wp","href":"https:\/\/api.w.org\/{rel}","templated":true}]}}